{"id":3520,"date":"2025-07-09T12:12:32","date_gmt":"2025-07-09T10:12:32","guid":{"rendered":"https:\/\/vanessa-lena.com\/?page_id=3520"},"modified":"2025-10-17T17:31:30","modified_gmt":"2025-10-17T15:31:30","slug":"blog-online-artikel","status":"publish","type":"page","link":"https:\/\/vanessa-lena.com\/de\/blog-online-artikel\/","title":{"rendered":"Blog"},"content":{"rendered":"<p>[et_pb_section fb_built=&#8220;1&#8243; admin_label=&#8220;Header&#8220; _builder_version=&#8220;4.27.4&#8243; background_color=&#8220;#f9f3eb&#8220; use_background_color_gradient=&#8220;on&#8220; background_color_gradient_stops=&#8220;rgba(249,243,235,0.8) 0%|rgba(249,243,235,0.8) 100%&#8220; background_color_gradient_overlays_image=&#8220;on&#8220; background_color_gradient_start=&#8220;rgba(249,243,235,0.8)&#8220; background_color_gradient_end=&#8220;rgba(249,243,235,0.8)&#8220; background_image=&#8220;https:\/\/vanessa-lena.com\/wp-content\/uploads\/Forest-Coucher-Soleil-3.jpeg&#8220; background_position=&#8220;top_left&#8220; background_vertical_offset=&#8220;35%&#8220; background_blend=&#8220;soft-light&#8220; height=&#8220;40vh&#8220; height_tablet=&#8220;30vh&#8220; height_phone=&#8220;27vh&#8220; height_last_edited=&#8220;on|phone&#8220; custom_padding=&#8220;||180px||false|false&#8220; locked=&#8220;off&#8220; global_colors_info=&#8220;{}&#8220;][et_pb_row use_custom_gutter=&#8220;on&#8220; _builder_version=&#8220;4.16&#8243; z_index=&#8220;10&#8243; width=&#8220;60%&#8220; width_tablet=&#8220;&#8220; width_phone=&#8220;&#8220; width_last_edited=&#8220;on|phone&#8220; max_width=&#8220;600px&#8220; locked=&#8220;off&#8220; global_colors_info=&#8220;{}&#8220; width__hover_enabled=&#8220;off|desktop&#8220;][et_pb_column type=&#8220;4_4&#8243; _builder_version=&#8220;4.16&#8243; global_colors_info=&#8220;{}&#8220;][et_pb_text _builder_version=&#8220;4.27.4&#8243; header_font=&#8220;Handlee||||||||&#8220; header_text_color=&#8220;#b26033&#8243; header_font_size=&#8220;80px&#8220; header_line_height=&#8220;0.9em&#8220; text_orientation=&#8220;center&#8220; max_width=&#8220;480px&#8220; max_width_tablet=&#8220;350px&#8220; max_width_phone=&#8220;220px&#8220; max_width_last_edited=&#8220;off|desktop&#8220; module_alignment=&#8220;center&#8220; header_font_size_tablet=&#8220;60px&#8220; header_font_size_phone=&#8220;40px&#8220; header_font_size_last_edited=&#8220;on|phone&#8220; text_text_shadow_style=&#8220;preset5&#8243; text_text_shadow_color=&#8220;#F0ECE4&#8243; border_width_left=&#8220;5px&#8220; border_color_left=&#8220;#b26033&#8243; global_colors_info=&#8220;{}&#8220;]<\/p>\n<h1>Blog<\/h1>\n<p>[\/et_pb_text][\/et_pb_column][\/et_pb_row][\/et_pb_section][et_pb_section fb_built=&#8220;1&#8243; custom_padding_last_edited=&#8220;on|tablet&#8220; admin_label=&#8220;Header&#8220; _builder_version=&#8220;4.27.4&#8243; background_enable_color=&#8220;off&#8220; background_image=&#8220;https:\/\/vanessa-lena.com\/wp-content\/uploads\/Forest-Coucher-Soleil-1.jpeg&#8220; background_blend=&#8220;soft-light&#8220; custom_padding=&#8220;8vw||8vw||false|false&#8220; custom_padding_tablet=&#8220;||100px||false|false&#8220; custom_padding_phone=&#8220;&#8220; locked=&#8220;off&#8220; global_colors_info=&#8220;{}&#8220;][et_pb_row column_structure=&#8220;1_2,1_2&#8243; _builder_version=&#8220;4.27.4&#8243; _module_preset=&#8220;default&#8220; custom_padding=&#8220;0px||||false|false&#8220; global_colors_info=&#8220;{}&#8220;][et_pb_column type=&#8220;1_2&#8243; _builder_version=&#8220;4.27.4&#8243; _module_preset=&#8220;default&#8220; custom_padding=&#8220;50px||50px||false|false&#8220; global_colors_info=&#8220;{}&#8220;][et_pb_text _builder_version=&#8220;4.27.4&#8243; _module_preset=&#8220;default&#8220; header_font_size=&#8220;25px&#8220; header_line_height=&#8220;1.6em&#8220; custom_margin=&#8220;-25px||||false|false&#8220; custom_padding=&#8220;0px||25px||false|false&#8220; animation_style=&#8220;fade&#8220; animation_duration=&#8220;1600ms&#8220; animation_delay=&#8220;450ms&#8220; hover_enabled=&#8220;0&#8243; border_width_bottom=&#8220;5px&#8220; border_color_bottom=&#8220;#b26033&#8243; global_colors_info=&#8220;{}&#8220; header_font_size_last_edited=&#8220;on|phone&#8220; sticky_enabled=&#8220;0&#8243; header_font_size_tablet=&#8220;20px&#8220; header_font_size_phone=&#8220;15px&#8220;]<\/p>\n<h1><strong>Entdecke meine Online-Artikel mit Impulsen, Einsichten und Orientierung f\u00fcr deinen Weg. Ganz gleich, wo du gerade stehst.<\/strong><\/h1>\n<p>[\/et_pb_text][\/et_pb_column][et_pb_column type=&#8220;1_2&#8243; _builder_version=&#8220;4.27.4&#8243; _module_preset=&#8220;default&#8220; global_colors_info=&#8220;{}&#8220;][et_pb_image src=&#8220;https:\/\/vanessa-lena.com\/wp-content\/uploads\/Ressources-Outils.webp&#8220; title_text=&#8220;Ressources-Outils&#8220; _builder_version=&#8220;4.27.4&#8243; _module_preset=&#8220;default&#8220; global_colors_info=&#8220;{}&#8220;][\/et_pb_image][et_pb_search _builder_version=&#8220;4.27.4&#8243; _module_preset=&#8220;default&#8220; global_colors_info=&#8220;{}&#8220;][\/et_pb_search][\/et_pb_column][\/et_pb_row][et_pb_row _builder_version=&#8220;4.27.4&#8243; background_color=&#8220;#ffffff&#8220; custom_padding=&#8220;0px||0px||true|false&#8220; animation_style=&#8220;flip&#8220; animation_direction=&#8220;top&#8220; animation_duration=&#8220;500ms&#8220; animation_delay=&#8220;250ms&#8220; animation_intensity_flip=&#8220;15%&#8220; border_color_all=&#8220;rgba(40,63,63,0.87)&#8220; border_width_all_tablet=&#8220;20px&#8220; border_width_all_phone=&#8220;10px&#8220; border_width_all_last_edited=&#8220;on|phone&#8220; global_colors_info=&#8220;{}&#8220;][et_pb_column type=&#8220;4_4&#8243; _builder_version=&#8220;4.27.4&#8243; border_color_all=&#8220;#FFFFFF&#8220; global_colors_info=&#8220;{}&#8220;][et_pb_post_slider posts_number=&#8220;3&#8243; more_text=&#8220;En lire davantage&#8220; show_image=&#8220;off&#8220; use_bg_overlay=&#8220;off&#8220; disabled_on=&#8220;on|on|on&#8220; _builder_version=&#8220;4.27.4&#8243; header_font=&#8220;Josefin Sans||||||||&#8220; header_font_size=&#8220;30px&#8220; header_line_height=&#8220;1.2em&#8220; body_font=&#8220;Muli||||||||&#8220; body_font_size=&#8220;18px&#8220; body_line_height=&#8220;1.8em&#8220; background_enable_color=&#8220;off&#8220; custom_button=&#8220;on&#8220; button_text_size=&#8220;18px&#8220; button_text_color=&#8220;#ffffff&#8220; button_bg_color=&#8220;#b26033&#8243; button_border_width=&#8220;0px&#8220; button_border_radius=&#8220;50px&#8220; button_font=&#8220;|600|||||||&#8220; background_layout=&#8220;light&#8220; custom_padding=&#8220;|30px||30px|false|true&#8220; header_font_size_tablet=&#8220;24px&#8220; header_font_size_phone=&#8220;16px&#8220; header_font_size_last_edited=&#8220;on|desktop&#8220; header_line_height_tablet=&#8220;1.8em&#8220; header_line_height_phone=&#8220;&#8220; header_line_height_last_edited=&#8220;on|tablet&#8220; body_font_size_tablet=&#8220;16px&#8220; body_font_size_phone=&#8220;14px&#8220; body_font_size_last_edited=&#8220;on|tablet&#8220; button_text_size_tablet=&#8220;18px&#8220; button_text_size_phone=&#8220;14px&#8220; button_text_size_last_edited=&#8220;on|phone&#8220; custom_css_slide_meta=&#8220;margin-bottom: 10px;&#8220; button_text_shadow_style=&#8220;preset1&#8243; disabled=&#8220;on&#8220; global_colors_info=&#8220;{}&#8220;][\/et_pb_post_slider][et_pb_blog include_categories=&#8220;all&#8220; show_more=&#8220;on&#8220; show_pagination=&#8220;off&#8220; _builder_version=&#8220;4.27.4&#8243; _module_preset=&#8220;default&#8220; background_color=&#8220;#F0ECE4&#8243; background_enable_image=&#8220;off&#8220; background_size=&#8220;initial&#8220; background_position=&#8220;top_left&#8220; background_vertical_offset=&#8220;23%&#8220; background_repeat=&#8220;repeat&#8220; background_blend=&#8220;hard-light&#8220; text_orientation=&#8220;left&#8220; custom_padding=&#8220;50px|50px|50px|50px|false|false&#8220; border_style_all_fullwidth=&#8220;dashed&#8220; border_color_all_image=&#8220;#FFFFFF&#8220; box_shadow_style=&#8220;preset1&#8243; global_colors_info=&#8220;{}&#8220;][\/et_pb_blog][\/et_pb_column][\/et_pb_row][\/et_pb_section][et_pb_section fb_built=&#8220;1&#8243; admin_label=&#8220;Blog&#8220; _builder_version=&#8220;4.16&#8243; global_colors_info=&#8220;{}&#8220;][et_pb_row use_custom_gutter=&#8220;on&#8220; gutter_width=&#8220;1&#8243; disabled_on=&#8220;on|on|on&#8220; _builder_version=&#8220;4.16&#8243; custom_margin=&#8220;-140px|auto||auto||&#8220; disabled=&#8220;on&#8220; locked=&#8220;off&#8220; global_colors_info=&#8220;{}&#8220;][et_pb_column type=&#8220;4_4&#8243; _builder_version=&#8220;4.16&#8243; global_colors_info=&#8220;{}&#8220;][et_pb_blog fullwidth=&#8220;off&#8220; posts_number=&#8220;9&#8243; show_thumbnail=&#8220;off&#8220; show_categories=&#8220;off&#8220; _builder_version=&#8220;4.16&#8243; header_font=&#8220;Josefin Sans|600|||||||&#8220; header_line_height=&#8220;1.8em&#8220; body_font=&#8220;Muli||||||||&#8220; body_line_height=&#8220;1.8em&#8220; meta_font=&#8220;Josefin Sans||||||||&#8220; meta_line_height=&#8220;1.8em&#8220; pagination_font=&#8220;Josefin Sans|700|||||||&#8220; pagination_text_color=&#8220;#e09900&#8243; pagination_font_size=&#8220;22px&#8220; pagination_line_height=&#8220;1.4em&#8220; body_link_text_color=&#8220;#000000&#8243; pagination_font_size_tablet=&#8220;20px&#8220; pagination_font_size_phone=&#8220;18px&#8220; pagination_font_size_last_edited=&#8220;on|phone&#8220; pagination_line_height_tablet=&#8220;&#8220; pagination_line_height_phone=&#8220;1.8em&#8220; pagination_line_height_last_edited=&#8220;on|phone&#8220; border_color_all=&#8220;#000000&#8243; box_shadow_style=&#8220;preset4&#8243; box_shadow_horizontal=&#8220;0px&#8220; box_shadow_vertical=&#8220;0px&#8220; box_shadow_spread=&#8220;1px&#8220; box_shadow_color=&#8220;#000000&#8243; global_colors_info=&#8220;{}&#8220;][\/et_pb_blog][\/et_pb_column][\/et_pb_row][\/et_pb_section][et_pb_section fb_built=&#8220;1&#8243; admin_label=&#8220;Footer&#8220; _builder_version=&#8220;4.27.4&#8243; background_color=&#8220;#A9804A&#8220; use_background_color_gradient=&#8220;on&#8220; background_color_gradient_stops=&#8220;rgba(255,255,255,0.8) 0%|rgba(255,255,255,0.8) 100%&#8220; background_color_gradient_overlays_image=&#8220;on&#8220; background_color_gradient_start=&#8220;rgba(255,255,255,0.8)&#8220; background_color_gradient_end=&#8220;rgba(255,255,255,0.8)&#8220; background_enable_image=&#8220;off&#8220; background_size=&#8220;initial&#8220; background_position=&#8220;top_left&#8220; background_repeat=&#8220;repeat&#8220; overflow-x=&#8220;hidden&#8220; overflow-y=&#8220;hidden&#8220; locked=&#8220;off&#8220; global_colors_info=&#8220;{}&#8220;][et_pb_row _builder_version=&#8220;4.16&#8243; width=&#8220;60%&#8220; global_colors_info=&#8220;{}&#8220;][et_pb_column type=&#8220;4_4&#8243; _builder_version=&#8220;4.16&#8243; global_colors_info=&#8220;{}&#8220;][et_pb_text _builder_version=&#8220;4.27.4&#8243; header_2_font=&#8220;Handlee||||||||&#8220; header_2_text_color=&#8220;#b26033&#8243; header_2_font_size=&#8220;80px&#8220; text_orientation=&#8220;center&#8220; max_width=&#8220;550px&#8220; max_width_tablet=&#8220;350px&#8220; max_width_phone=&#8220;220px&#8220; max_width_last_edited=&#8220;on|desktop&#8220; module_alignment=&#8220;center&#8220; header_2_font_size_tablet=&#8220;48px&#8220; header_2_font_size_phone=&#8220;30px&#8220; header_2_font_size_last_edited=&#8220;on|phone&#8220; text_text_shadow_style=&#8220;preset5&#8243; text_text_shadow_color=&#8220;#FFFFFF&#8220; border_width_left=&#8220;5px&#8220; border_color_left=&#8220;#b26033&#8243; global_colors_info=&#8220;{}&#8220;]<\/p>\n<h2>Informationen<\/h2>\n<p>[\/et_pb_text][\/et_pb_column][\/et_pb_row][et_pb_row column_structure=&#8220;1_3,1_3,1_3&#8243; _builder_version=&#8220;4.16&#8243; global_colors_info=&#8220;{}&#8220;][et_pb_column type=&#8220;1_3&#8243; _builder_version=&#8220;4.16&#8243; global_colors_info=&#8220;{}&#8220;][et_pb_text _builder_version=&#8220;4.27.4&#8243; text_font=&#8220;Muli||||||||&#8220; text_font_size=&#8220;16px&#8220; text_line_height=&#8220;1.8em&#8220; header_3_font=&#8220;Josefin Sans||||||||&#8220; header_3_line_height=&#8220;1.4em&#8220; text_orientation=&#8220;center&#8220; text_font_size_tablet=&#8220;&#8220; text_font_size_phone=&#8220;14px&#8220; text_font_size_last_edited=&#8220;on|phone&#8220; header_3_font_size_tablet=&#8220;20px&#8220; header_3_font_size_phone=&#8220;18px&#8220; header_3_font_size_last_edited=&#8220;on|tablet&#8220; header_3_line_height_tablet=&#8220;&#8220; header_3_line_height_phone=&#8220;1.8em&#8220; header_3_line_height_last_edited=&#8220;on|phone&#8220; locked=&#8220;off&#8220; global_colors_info=&#8220;{}&#8220;]<\/p>\n<h3><strong>Mich kontaktieren<\/strong><\/h3>\n<p><span \n                data-original-string='Ja2wzWPf7emmnGNbwFVQHQ==85ehXZe7eulBCQN3YYkhfG4bTPdS7nMaCfykx9JHbzB5WA='\n                class='apbct-email-encoder'\n                title='Dieser Kontakt wurde von Anti-Spam by CleanTalk verschl\u00fcsselt. Klicken Sie hier, um ihn zu entschl\u00fcsseln. Um die Entschl\u00fcsselung abzuschlie\u00dfen, stellen Sie sicher, dass JavaScript in Ihrem Browser aktiviert ist.'>in<span class=\"apbct-blur\">**<\/span>@<span class=\"apbct-blur\">**********<\/span>na.com<\/span><\/p>\n<p>[\/et_pb_text][\/et_pb_column][et_pb_column type=&#8220;1_3&#8243; _builder_version=&#8220;4.16&#8243; global_colors_info=&#8220;{}&#8220;][et_pb_text _builder_version=&#8220;4.27.4&#8243; text_font=&#8220;Muli||||||||&#8220; text_font_size=&#8220;16px&#8220; text_line_height=&#8220;1.8em&#8220; header_3_font=&#8220;Josefin Sans||||||||&#8220; header_3_line_height=&#8220;1.4em&#8220; text_orientation=&#8220;center&#8220; text_font_size_tablet=&#8220;&#8220; text_font_size_phone=&#8220;14px&#8220; text_font_size_last_edited=&#8220;on|phone&#8220; header_3_font_size_tablet=&#8220;20px&#8220; header_3_font_size_phone=&#8220;18px&#8220; header_3_font_size_last_edited=&#8220;on|tablet&#8220; header_3_line_height_tablet=&#8220;&#8220; header_3_line_height_phone=&#8220;1.8em&#8220; header_3_line_height_last_edited=&#8220;on|phone&#8220; locked=&#8220;off&#8220; global_colors_info=&#8220;{}&#8220;]<\/p>\n<h3><strong>Online-Termin vereinbaren<\/strong><\/h3>\n<p>[\/et_pb_text][et_pb_button button_url=&#8220;https:\/\/calendly.com\/holistic-therapy-vanessa-lena\/90min&#8220; url_new_window=&#8220;on&#8220; button_text=&#8220;Jetzt buchen&#8220; button_alignment=&#8220;center&#8220; _builder_version=&#8220;4.27.4&#8243; custom_button=&#8220;on&#8220; button_text_size=&#8220;18px&#8220; button_bg_color=&#8220;#b26033&#8243; button_border_width=&#8220;0px&#8220; button_border_radius=&#8220;50px&#8220; button_font=&#8220;|600|||||||&#8220; background_layout=&#8220;dark&#8220; custom_margin_tablet=&#8220;0px||||false|false&#8220; custom_margin_last_edited=&#8220;off|desktop&#8220; custom_padding=&#8220;15px|40px|15px|40px|true|true&#8220; button_text_size_tablet=&#8220;18px&#8220; button_text_size_phone=&#8220;14px&#8220; button_text_size_last_edited=&#8220;on|phone&#8220; button_text_shadow_style=&#8220;preset5&#8243; locked=&#8220;off&#8220; global_colors_info=&#8220;{}&#8220;][\/et_pb_button][\/et_pb_column][et_pb_column type=&#8220;1_3&#8243; _builder_version=&#8220;4.16&#8243; global_colors_info=&#8220;{}&#8220;][et_pb_text _builder_version=&#8220;4.27.4&#8243; text_font=&#8220;Muli||||||||&#8220; text_font_size=&#8220;16px&#8220; text_line_height=&#8220;1.8em&#8220; header_3_font=&#8220;Josefin Sans||||||||&#8220; header_3_line_height=&#8220;1.4em&#8220; text_orientation=&#8220;center&#8220; text_font_size_tablet=&#8220;&#8220; text_font_size_phone=&#8220;14px&#8220; text_font_size_last_edited=&#8220;on|phone&#8220; header_3_font_size_tablet=&#8220;20px&#8220; header_3_font_size_phone=&#8220;18px&#8220; header_3_font_size_last_edited=&#8220;on|tablet&#8220; header_3_line_height_tablet=&#8220;&#8220; header_3_line_height_phone=&#8220;1.8em&#8220; header_3_line_height_last_edited=&#8220;on|phone&#8220; locked=&#8220;off&#8220; global_colors_info=&#8220;{}&#8220;]<\/p>\n<h3><strong>Meine Verf\u00fcgbarkeit<\/strong><\/h3>\n<p>Montag: 11:00 &#8211; 18 Uhr<br \/>Dienstag &amp; Donnerstag: 10.00 &#8211; 17.00 Uhr<br \/>Freitag: 10.00 &#8211; 14.30 Uhr<\/p>\n<p>[\/et_pb_text][\/et_pb_column][\/et_pb_row][\/et_pb_section]<\/p>\n","protected":false},"excerpt":{"rendered":"<p>BlogEntdecke meine Online-Artikel mit Impulsen, Einsichten und Orientierung f\u00fcr deinen Weg. Ganz gleich, wo du gerade stehst.InformationenMich kontaktieren <span \n                data-original-string='426xDfagijyVW9VvHqi5aA==85e77LS8nfn7xf\/qHlsdgmFCQCC6nsG1aUwp8DwaRVwJu8='\n                class='apbct-email-encoder'\n                title='Dieser Kontakt wurde von Anti-Spam by CleanTalk verschl\u00fcsselt. Klicken Sie hier, um ihn zu entschl\u00fcsseln. Um die Entschl\u00fcsselung abzuschlie\u00dfen, stellen Sie sicher, dass JavaScript in Ihrem Browser aktiviert ist.'>in<span class=\"apbct-blur\">**<\/span>@<span class=\"apbct-blur\">**********<\/span>na.comOnline<\/span>-Termin vereinbarenMeine Verf\u00fcgbarkeit Montag: 11:00 &#8211; 18 UhrDienstag &amp; Donnerstag: 10.00 &#8211; 17.00 UhrFreitag: 10.00 &#8211; 14.30 Uhr<\/p>\n","protected":false},"author":1,"featured_media":0,"parent":0,"menu_order":0,"comment_status":"closed","ping_status":"closed","template":"","meta":{"_acf_changed":false,"_et_pb_use_builder":"on","_et_pb_old_content":"","_et_gb_content_width":"","footnotes":""},"class_list":["post-3520","page","type-page","status-publish","hentry"],"acf":[],"_links":{"self":[{"href":"https:\/\/vanessa-lena.com\/de\/wp-json\/wp\/v2\/pages\/3520","targetHints":{"allow":["GET"]}}],"collection":[{"href":"https:\/\/vanessa-lena.com\/de\/wp-json\/wp\/v2\/pages"}],"about":[{"href":"https:\/\/vanessa-lena.com\/de\/wp-json\/wp\/v2\/types\/page"}],"author":[{"embeddable":true,"href":"https:\/\/vanessa-lena.com\/de\/wp-json\/wp\/v2\/users\/1"}],"replies":[{"embeddable":true,"href":"https:\/\/vanessa-lena.com\/de\/wp-json\/wp\/v2\/comments?post=3520"}],"version-history":[{"count":6,"href":"https:\/\/vanessa-lena.com\/de\/wp-json\/wp\/v2\/pages\/3520\/revisions"}],"predecessor-version":[{"id":4508,"href":"https:\/\/vanessa-lena.com\/de\/wp-json\/wp\/v2\/pages\/3520\/revisions\/4508"}],"wp:attachment":[{"href":"https:\/\/vanessa-lena.com\/de\/wp-json\/wp\/v2\/media?parent=3520"}],"curies":[{"name":"wp","href":"https:\/\/api.w.org\/{rel}","templated":true}]}}